{"id":96,"date":"2025-12-25T21:31:46","date_gmt":"2025-12-25T20:31:46","guid":{"rendered":"https:\/\/parafiakarniowicedulowa.pl\/?page_id=96"},"modified":"2026-04-04T19:58:58","modified_gmt":"2026-04-04T18:58:58","slug":"pochodzacy-z-parafii","status":"publish","type":"page","link":"https:\/\/parafiakarniowicedulowa.pl\/index.php\/pochodzacy-z-parafii\/","title":{"rendered":"Pochodz\u0105cy z parafii"},"content":{"rendered":"\n<p>Ksi\u0119\u017ca pochodz\u0105cy z parafii<\/p>\n\n\n\n<p><strong>ks. W\u0142adys\u0142aw G\u0105golski&nbsp;&nbsp;&nbsp;&nbsp;&nbsp;&nbsp;&nbsp;<\/strong><\/p>\n\n\n\n<p><strong>ks. Miros\u0142aw Niewiedzia\u0142<\/strong>&nbsp;\u2013 wy\u015bwi\u0119cony w 2002 roku<\/p>\n","protected":false},"excerpt":{"rendered":"<p>Ksi\u0119\u017ca pochodz\u0105cy z parafii ks. W\u0142adys\u0142aw G\u0105golski&nbsp;&nbsp;&nbsp;&nbsp;&nbsp;&nbsp;&nbsp; ks. Miros\u0142aw Niewiedzia\u0142&nbsp;\u2013 wy\u015bwi\u0119cony w 2002 roku<\/p>\n","protected":false},"author":1,"featured_media":0,"parent":0,"menu_order":0,"comment_status":"closed","ping_status":"closed","template":"","meta":{"footnotes":""},"class_list":["post-96","page","type-page","status-publish","hentry"],"_links":{"self":[{"href":"https:\/\/parafiakarniowicedulowa.pl\/index.php\/wp-json\/wp\/v2\/pages\/96","targetHints":{"allow":["GET"]}}],"collection":[{"href":"https:\/\/parafiakarniowicedulowa.pl\/index.php\/wp-json\/wp\/v2\/pages"}],"about":[{"href":"https:\/\/parafiakarniowicedulowa.pl\/index.php\/wp-json\/wp\/v2\/types\/page"}],"author":[{"embeddable":true,"href":"https:\/\/parafiakarniowicedulowa.pl\/index.php\/wp-json\/wp\/v2\/users\/1"}],"replies":[{"embeddable":true,"href":"https:\/\/parafiakarniowicedulowa.pl\/index.php\/wp-json\/wp\/v2\/comments?post=96"}],"version-history":[{"count":1,"href":"https:\/\/parafiakarniowicedulowa.pl\/index.php\/wp-json\/wp\/v2\/pages\/96\/revisions"}],"predecessor-version":[{"id":97,"href":"https:\/\/parafiakarniowicedulowa.pl\/index.php\/wp-json\/wp\/v2\/pages\/96\/revisions\/97"}],"wp:attachment":[{"href":"https:\/\/parafiakarniowicedulowa.pl\/index.php\/wp-json\/wp\/v2\/media?parent=96"}],"curies":[{"name":"wp","href":"https:\/\/api.w.org\/{rel}","templated":true}]}}