{"id":92,"date":"2025-12-25T21:29:44","date_gmt":"2025-12-25T20:29:44","guid":{"rendered":"https:\/\/parafiakarniowicedulowa.pl\/?page_id=92"},"modified":"2026-04-04T19:58:58","modified_gmt":"2026-04-04T18:58:58","slug":"historia","status":"publish","type":"page","link":"https:\/\/parafiakarniowicedulowa.pl\/index.php\/historia\/","title":{"rendered":"Historia"},"content":{"rendered":"\n<p>1914 &#8211; wybudowanie kaplicy przez Pana Franciszka Tr\u0119bacza na parcelach nale\u017c\u0105cych do Franciszka Tr\u0119bacza i Juliana Malczyka.<\/p>\n\n\n\n<p>1914-1939 \u2013 ksi\u0119\u017ca doje\u017cd\u017caj\u0105cy z Trzebini odprawiaj\u0105 Msz\u0119 \u015awi\u0119t\u0105 w niedziel\u0119 jeden raz w miesi\u0105cu<\/p>\n\n\n\n<p>1939-1945 \u2013 dobudowano zakrysti\u0119 \u2013 boczn\u0105 naw\u0119 kaplicy, inicjatorem by\u0142 rodak Ojciec Serafin Zajega.<br>W tym czasie Ojciec Serafin odprawia codziennie Msz\u0119 \u015aw.<\/p>\n\n\n\n<p>1945-1958 &#8211; ksi\u0119\u017ca doje\u017cd\u017caj\u0105cy z Trzebini odprawiaj\u0105 Msz\u0119 \u015awi\u0119t\u0105 w niedziel\u0119 jeden raz w miesi\u0105cu<\/p>\n\n\n\n<p>15.10.1958 \u2013 erygowanie O\u015brodka Duszpasterskiego- Rektoratu i mianowanie ks. Jana Martinczaka pierwszym Rektorem tego o\u015brodka.<\/p>\n\n\n\n<p>1960 \u2013 dalsza rozbudowa kaplicy prowadzona spo\u0142ecznie po przewodnictwem Spo\u0142ecznego Komitetu, ko\u0144czy si\u0119 rozburzeniem dobudowanej cz\u0119\u015bci przez milicj\u0119 i grup\u0119 wi\u0119\u017ani\u00f3w. Tymczasowo aresztowano dzia\u0142aczy Komitetu. Pretekstem tych dzia\u0142a\u0144 by\u0142o nie posiadanie na rozbudow\u0119.<\/p>\n\n\n\n<p>1963- 1971 \u2013 Rektorem kaplicy by\u0142 ks. Franciszek Ostafin<\/p>\n\n\n\n<p>27.06.1971 \u2013 Rektorem kaplicy zosta\u0142 mianowany ks. Stanis\u0142aw Fija\u0142ek<\/p>\n\n\n\n<p>1972-1973 \u2013 wybudowano plebani\u0119 na parceli Pani Rozalii Paszkowskiej, kt\u00f3ra mieszka\u0142a w niej a\u017c do \u015bmierci.<\/p>\n\n\n\n<p>1977 \u2013 prowadzono rozmow\u0119 z wojew\u00f3dzkimi w\u0142adzami administracyjno politycznymi na temat budowy Ko\u015bcio\u0142a w Karniowicach.<\/p>\n\n\n\n<p>06.06.1978 \u2013 wydanie zezwolenia przez Wojewod\u0119 Katowickiego na \u201erozbudow\u0119 kaplicy technicznie zu\u017cytej\u201d<\/p>\n\n\n\n<p>06.05.1979 \u2013 po\u015bwi\u0119cenie placu pod budow\u0119 ko\u015bcio\u0142a przez J.E Ks. Bp. Stanis\u0142awa Smole\u0144skiego. Plac ofiarowali Pa\u0144stwo Garli\u0144scy i Paszkowscy. Rozpocz\u0119to budow\u0119 Ko\u015bcio\u0142a, kt\u00f3rego pomys\u0142odawc\u0105 by\u0142&nbsp;<br>ks. Stanis\u0142aw Fija\u0142ek. A dokumentacj\u0119 sporz\u0105dzili in\u017cynierowie: Jerzy Kubica, Leszek Pa\u0142czy\u0144ski i Zbigniew Bra\u015b.&nbsp;<br>W budow\u0119 \u015bwi\u0105tyni ofiarnie w\u0142\u0105czyli si\u0119 miejscowi wierni.<\/p>\n\n\n\n<p>28.10.1979 \u2013 wmurowano Kamie\u0144 w\u0119gielny po\u015bwi\u0119cony przez Ojca \u015awi\u0119tego Jana Paw\u0142a II podczas pierwszej pielgrzymki do ojczyzny.<\/p>\n\n\n\n<p>01.11.1979 \u2013 erygowanie Parafii Matki Bo\u017cej Szkaplerznej w Karniowicach dla mieszka\u0144c\u00f3w: Karniowic, Dulowej i cz\u0119\u015bci M\u0142oszowej dekretem J. E. Ks. Kard. Franciszka Macharskiego. Pierwszym proboszczem zosta\u0142 mianowany ks. Stanis\u0142aw Fija\u0142ek.<\/p>\n\n\n\n<p>15.10.1989 \u2013 Konsekracja Ko\u015bcio\u0142a w Karniowicach dokonuje J. E. Ks. Kard. Franciszek Macharski.<\/p>\n\n\n\n<p>1994-2003 budowa O\u015brodka Pami\u0119ci Zmar\u0142ych, kt\u00f3rego pomys\u0142odawc\u0105 by\u0142 miejscowy ks. proboszcz<br>a dokumentacj\u0119 opracowali in\u017cynierowie: Krystyna Duda, Teresa Krygowska, J\u00f3zef Miksa i Antoni Biedro\u0144.<\/p>\n\n\n\n<p>17.07.2003 \u2013 po\u015bwi\u0119cenie rodzinnego o\u015brodka Pami\u0119ci Zmar\u0142ych dokonuje J.E. Ks. Bp. Jan Szkodo\u0144.<\/p>\n\n\n\n<p>26.06.2004 Administratorem parafii zostaje mianowany ks. Zygmunt Cholewa.<\/p>\n\n\n\n<p>26.10.2004 \u2013 proboszczem parafii zostaje ks. Wies\u0142aw Grzechynia<\/p>\n\n\n\n<p>01.07.2009 \u2013 proboszczem parafii zostaje ks. Krzysztof Matuszyk<\/p>\n\n\n\n<p>09-14.10.2009 Misje w parafii prowadz\u0105 ks. Adam Podbiera i ks. Jan Szczepaniak<\/p>\n\n\n\n<p>05.03.2010 \u2013 umiera ks. Stanis\u0142aw Fija\u0142ek, d\u0142ugoletni proboszcz w Karniowicach<\/p>\n\n\n\n<p>25-26.11.2012 peregrynacja obrazu Jezusa Mi\u0142osiernego z relikwiami \u015bw. siostry Faustyny<br>i b\u0142. Jana Paw\u0142a II.<\/p>\n\n\n\n<p><\/p>\n","protected":false},"excerpt":{"rendered":"<p>1914 &#8211; wybudowanie kaplicy przez Pana Franciszka Tr\u0119bacza na parcelach nale\u017c\u0105cych do Franciszka Tr\u0119bacza i Juliana Malczyka. 1914-1939 \u2013 ksi\u0119\u017ca doje\u017cd\u017caj\u0105cy z Trzebini odprawiaj\u0105 Msz\u0119 \u015awi\u0119t\u0105 w niedziel\u0119 jeden raz w miesi\u0105cu 1939-1945 \u2013 dobudowano zakrysti\u0119 \u2013 boczn\u0105 naw\u0119 kaplicy, inicjatorem by\u0142 rodak Ojciec Serafin Zajega.W tym czasie Ojciec Serafin odprawia codziennie Msz\u0119 \u015aw. 1945-1958&#8230;<\/p>\n<p class=\"more-link-wrap\"><a href=\"https:\/\/parafiakarniowicedulowa.pl\/index.php\/historia\/\" class=\"more-link\">Read More<span class=\"screen-reader-text\"> &ldquo;Historia&rdquo;<\/span> &raquo;<\/a><\/p>\n","protected":false},"author":1,"featured_media":0,"parent":0,"menu_order":0,"comment_status":"closed","ping_status":"closed","template":"","meta":{"footnotes":""},"class_list":["post-92","page","type-page","status-publish","hentry"],"_links":{"self":[{"href":"https:\/\/parafiakarniowicedulowa.pl\/index.php\/wp-json\/wp\/v2\/pages\/92","targetHints":{"allow":["GET"]}}],"collection":[{"href":"https:\/\/parafiakarniowicedulowa.pl\/index.php\/wp-json\/wp\/v2\/pages"}],"about":[{"href":"https:\/\/parafiakarniowicedulowa.pl\/index.php\/wp-json\/wp\/v2\/types\/page"}],"author":[{"embeddable":true,"href":"https:\/\/parafiakarniowicedulowa.pl\/index.php\/wp-json\/wp\/v2\/users\/1"}],"replies":[{"embeddable":true,"href":"https:\/\/parafiakarniowicedulowa.pl\/index.php\/wp-json\/wp\/v2\/comments?post=92"}],"version-history":[{"count":2,"href":"https:\/\/parafiakarniowicedulowa.pl\/index.php\/wp-json\/wp\/v2\/pages\/92\/revisions"}],"predecessor-version":[{"id":164,"href":"https:\/\/parafiakarniowicedulowa.pl\/index.php\/wp-json\/wp\/v2\/pages\/92\/revisions\/164"}],"wp:attachment":[{"href":"https:\/\/parafiakarniowicedulowa.pl\/index.php\/wp-json\/wp\/v2\/media?parent=92"}],"curies":[{"name":"wp","href":"https:\/\/api.w.org\/{rel}","templated":true}]}}