{"id":197,"date":"2026-04-07T20:35:22","date_gmt":"2026-04-07T19:35:22","guid":{"rendered":"https:\/\/parafiakarniowicedulowa.pl\/?page_id=197"},"modified":"2026-04-07T20:35:22","modified_gmt":"2026-04-07T19:35:22","slug":"kontakt","status":"publish","type":"page","link":"https:\/\/parafiakarniowicedulowa.pl\/index.php\/kontakt\/","title":{"rendered":"Kontakt"},"content":{"rendered":"\n<p>KANCELARIA:<\/p>\n\n\n\n<p>wtorek czwartek pi\u0105tek po Mszy \u015bw. wieczornej<\/p>\n\n\n\n<p>sobota godz.8.00 do 9.00 w pierwsza sobot\u0119 m-ca kancelaria jest nieczynna<\/p>\n\n\n\n<p>MSZE \u015aW:<\/p>\n\n\n\n<p>poniedzialek i \u015broda godz. 7.00<\/p>\n\n\n\n<p>wtorek, czwartek, pi\u0105tek i sobota godz. 18.00<\/p>\n\n\n\n<p>W NIEDZIELE 8.00 , 10.30 , 16.00<\/p>\n\n\n\n<p><\/p>\n\n\n\n<p>Spowied\u017a \u015bw:<\/p>\n\n\n\n<p> w dni powszednie przed Msza \u015bw.<\/p>\n\n\n\n<p>Pierwsze pi\u0105tki od godz. 17.00.<\/p>\n\n\n\n<p><\/p>\n\n\n\n<p>Numer konta parafialnego:<\/p>\n\n\n\n<p> 44 1240 4269 1111 0000 4677 5928<\/p>\n\n\n\n<p><\/p>\n","protected":false},"excerpt":{"rendered":"<p>KANCELARIA: wtorek czwartek pi\u0105tek po Mszy \u015bw. wieczornej sobota godz.8.00 do 9.00 w pierwsza sobot\u0119 m-ca kancelaria jest nieczynna MSZE \u015aW: poniedzialek i \u015broda godz. 7.00 wtorek, czwartek, pi\u0105tek i sobota godz. 18.00 W NIEDZIELE 8.00 , 10.30 , 16.00 Spowied\u017a \u015bw: w dni powszednie przed Msza \u015bw. Pierwsze pi\u0105tki od godz. 17.00. Numer konta&#8230;<\/p>\n<p class=\"more-link-wrap\"><a href=\"https:\/\/parafiakarniowicedulowa.pl\/index.php\/kontakt\/\" class=\"more-link\">Read More<span class=\"screen-reader-text\"> &ldquo;Kontakt&rdquo;<\/span> &raquo;<\/a><\/p>\n","protected":false},"author":1,"featured_media":0,"parent":0,"menu_order":0,"comment_status":"closed","ping_status":"closed","template":"","meta":{"footnotes":""},"class_list":["post-197","page","type-page","status-publish","hentry"],"_links":{"self":[{"href":"https:\/\/parafiakarniowicedulowa.pl\/index.php\/wp-json\/wp\/v2\/pages\/197","targetHints":{"allow":["GET"]}}],"collection":[{"href":"https:\/\/parafiakarniowicedulowa.pl\/index.php\/wp-json\/wp\/v2\/pages"}],"about":[{"href":"https:\/\/parafiakarniowicedulowa.pl\/index.php\/wp-json\/wp\/v2\/types\/page"}],"author":[{"embeddable":true,"href":"https:\/\/parafiakarniowicedulowa.pl\/index.php\/wp-json\/wp\/v2\/users\/1"}],"replies":[{"embeddable":true,"href":"https:\/\/parafiakarniowicedulowa.pl\/index.php\/wp-json\/wp\/v2\/comments?post=197"}],"version-history":[{"count":2,"href":"https:\/\/parafiakarniowicedulowa.pl\/index.php\/wp-json\/wp\/v2\/pages\/197\/revisions"}],"predecessor-version":[{"id":199,"href":"https:\/\/parafiakarniowicedulowa.pl\/index.php\/wp-json\/wp\/v2\/pages\/197\/revisions\/199"}],"wp:attachment":[{"href":"https:\/\/parafiakarniowicedulowa.pl\/index.php\/wp-json\/wp\/v2\/media?parent=197"}],"curies":[{"name":"wp","href":"https:\/\/api.w.org\/{rel}","templated":true}]}}